{"id":210,"date":"2020-11-04T00:17:25","date_gmt":"2020-11-04T00:17:25","guid":{"rendered":"https:\/\/themes.getmotopress.com\/albatross\/?page_id=210"},"modified":"2024-10-09T09:10:53","modified_gmt":"2024-10-09T14:10:53","slug":"about","status":"publish","type":"page","link":"https:\/\/hostalhanoi.com\/?page_id=210","title":{"rendered":"Acerca de Hostal Hanoi"},"content":{"rendered":"\t\t<div data-elementor-type=\"wp-page\" data-elementor-id=\"210\" class=\"elementor elementor-210\">\n\t\t\t\t\t\t<section class=\"elementor-section elementor-top-section elementor-element elementor-element-b738728 elementor-section-boxed elementor-section-height-default elementor-section-height-default\" data-id=\"b738728\" data-element_type=\"section\">\n\t\t\t\t\t\t<div class=\"elementor-container elementor-column-gap-default\">\n\t\t\t\t\t<div class=\"elementor-column elementor-col-50 elementor-top-column elementor-element elementor-element-3a1dacf\" data-id=\"3a1dacf\" data-element_type=\"column\">\n\t\t\t<div class=\"elementor-widget-wrap elementor-element-populated\">\n\t\t\t\t\t\t<div class=\"elementor-element elementor-element-289d431 elementor-widget elementor-widget-image\" data-id=\"289d431\" data-element_type=\"widget\" data-widget_type=\"image.default\">\n\t\t\t\t<div class=\"elementor-widget-container\">\n\t\t\t\t\t\t\t\t\t\t\t\t\t\t\t<img fetchpriority=\"high\" decoding=\"async\" width=\"1600\" height=\"1200\" src=\"https:\/\/hostalhanoi.com\/wp-content\/uploads\/2024\/10\/WhatsApp-Image-2024-10-02-at-16.11.34_b870317f.jpg\" class=\"attachment-full size-full wp-image-488\" alt=\"\" srcset=\"https:\/\/hostalhanoi.com\/wp-content\/uploads\/2024\/10\/WhatsApp-Image-2024-10-02-at-16.11.34_b870317f.jpg 1600w, https:\/\/hostalhanoi.com\/wp-content\/uploads\/2024\/10\/WhatsApp-Image-2024-10-02-at-16.11.34_b870317f-300x225.jpg 300w, https:\/\/hostalhanoi.com\/wp-content\/uploads\/2024\/10\/WhatsApp-Image-2024-10-02-at-16.11.34_b870317f-1024x768.jpg 1024w, https:\/\/hostalhanoi.com\/wp-content\/uploads\/2024\/10\/WhatsApp-Image-2024-10-02-at-16.11.34_b870317f-768x576.jpg 768w, https:\/\/hostalhanoi.com\/wp-content\/uploads\/2024\/10\/WhatsApp-Image-2024-10-02-at-16.11.34_b870317f-1536x1152.jpg 1536w, https:\/\/hostalhanoi.com\/wp-content\/uploads\/2024\/10\/WhatsApp-Image-2024-10-02-at-16.11.34_b870317f-400x300.jpg 400w\" sizes=\"(max-width: 1600px) 100vw, 1600px\" \/>\t\t\t\t\t\t\t\t\t\t\t\t\t\t\t<\/div>\n\t\t\t\t<\/div>\n\t\t\t\t\t<\/div>\n\t\t<\/div>\n\t\t\t\t<div class=\"elementor-column elementor-col-50 elementor-top-column elementor-element elementor-element-5f6f1d3\" data-id=\"5f6f1d3\" data-element_type=\"column\">\n\t\t\t<div class=\"elementor-widget-wrap elementor-element-populated\">\n\t\t\t\t\t\t<div class=\"elementor-element elementor-element-fbf341b elementor-drop-cap-yes elementor-drop-cap-view-default elementor-widget elementor-widget-text-editor\" data-id=\"fbf341b\" data-element_type=\"widget\" data-settings=\"{&quot;drop_cap&quot;:&quot;yes&quot;}\" data-widget_type=\"text-editor.default\">\n\t\t\t\t<div class=\"elementor-widget-container\">\n\t\t\t\t\t\t\t\t\t<p>En Hostal Hanoi, ofrecemos una combinaci\u00f3n perfecta de encanto, tranquilidad y ubicaci\u00f3n estrat\u00e9gica en el barrio hist\u00f3rico de La Candelaria. Nuestro hostal es ideal para los viajeros que buscan descubrir los tesoros culturales de Bogot\u00e1 mientras disfrutan de un ambiente acogedor y familiar.<\/p>\t\t\t\t\t\t\t\t<\/div>\n\t\t\t\t<\/div>\n\t\t\t\t<div class=\"elementor-element elementor-element-9113c74 elementor-widget elementor-widget-text-editor\" data-id=\"9113c74\" data-element_type=\"widget\" data-widget_type=\"text-editor.default\">\n\t\t\t\t<div class=\"elementor-widget-container\">\n\t\t\t\t\t\t\t\t\t<p>Ubicados a solo unos minutos de los principales monumentos hist\u00f3ricos como la Plaza de Bol\u00edvar, el Museo del Oro y el Chorro de Quevedo, te garantizamos una experiencia inolvidable que mezcla la rica historia de la ciudad con la modernidad de nuestras instalaciones.<\/p><p>Ya sea que viajes por turismo, trabajo o estudios, Hostal Hanoi es tu hogar en Bogot\u00e1, con un equipo de profesionales siempre dispuestos a ayudarte y hacer que tu estancia sea perfecta.<\/p>\t\t\t\t\t\t\t\t<\/div>\n\t\t\t\t<\/div>\n\t\t\t\t\t<\/div>\n\t\t<\/div>\n\t\t\t\t\t<\/div>\n\t\t<\/section>\n\t\t\t\t<section class=\"elementor-section elementor-top-section elementor-element elementor-element-5d8426f elementor-section-boxed elementor-section-height-default elementor-section-height-default\" data-id=\"5d8426f\" data-element_type=\"section\">\n\t\t\t\t\t\t<div class=\"elementor-container elementor-column-gap-default\">\n\t\t\t\t\t<div class=\"elementor-column elementor-col-100 elementor-top-column elementor-element elementor-element-6018175\" data-id=\"6018175\" data-element_type=\"column\">\n\t\t\t<div class=\"elementor-widget-wrap elementor-element-populated\">\n\t\t\t\t\t\t<div class=\"elementor-element elementor-element-8f9dc75 elementor-widget elementor-widget-image\" data-id=\"8f9dc75\" data-element_type=\"widget\" data-widget_type=\"image.default\">\n\t\t\t\t<div class=\"elementor-widget-container\">\n\t\t\t\t\t\t\t\t\t\t\t\t\t\t\t<img decoding=\"async\" width=\"1600\" height=\"1200\" src=\"https:\/\/hostalhanoi.com\/wp-content\/uploads\/2024\/10\/WhatsApp-Image-2024-10-02-at-16.11.33_7791f60d.jpg\" class=\"attachment-full size-full wp-image-489\" alt=\"\" srcset=\"https:\/\/hostalhanoi.com\/wp-content\/uploads\/2024\/10\/WhatsApp-Image-2024-10-02-at-16.11.33_7791f60d.jpg 1600w, https:\/\/hostalhanoi.com\/wp-content\/uploads\/2024\/10\/WhatsApp-Image-2024-10-02-at-16.11.33_7791f60d-300x225.jpg 300w, https:\/\/hostalhanoi.com\/wp-content\/uploads\/2024\/10\/WhatsApp-Image-2024-10-02-at-16.11.33_7791f60d-1024x768.jpg 1024w, https:\/\/hostalhanoi.com\/wp-content\/uploads\/2024\/10\/WhatsApp-Image-2024-10-02-at-16.11.33_7791f60d-768x576.jpg 768w, https:\/\/hostalhanoi.com\/wp-content\/uploads\/2024\/10\/WhatsApp-Image-2024-10-02-at-16.11.33_7791f60d-1536x1152.jpg 1536w, https:\/\/hostalhanoi.com\/wp-content\/uploads\/2024\/10\/WhatsApp-Image-2024-10-02-at-16.11.33_7791f60d-400x300.jpg 400w\" sizes=\"(max-width: 1600px) 100vw, 1600px\" \/>\t\t\t\t\t\t\t\t\t\t\t\t\t\t\t<\/div>\n\t\t\t\t<\/div>\n\t\t\t\t\t<\/div>\n\t\t<\/div>\n\t\t\t\t\t<\/div>\n\t\t<\/section>\n\t\t\t\t<section class=\"elementor-section elementor-top-section elementor-element elementor-element-8177b9b elementor-section-boxed elementor-section-height-default elementor-section-height-default\" data-id=\"8177b9b\" data-element_type=\"section\">\n\t\t\t\t\t\t<div class=\"elementor-container elementor-column-gap-default\">\n\t\t\t\t\t<div class=\"elementor-column elementor-col-33 elementor-top-column elementor-element elementor-element-2003bce\" data-id=\"2003bce\" data-element_type=\"column\">\n\t\t\t<div class=\"elementor-widget-wrap elementor-element-populated\">\n\t\t\t\t\t\t<div class=\"elementor-element elementor-element-e42d8ed elementor-widget elementor-widget-heading\" data-id=\"e42d8ed\" data-element_type=\"widget\" data-widget_type=\"heading.default\">\n\t\t\t\t<div class=\"elementor-widget-container\">\n\t\t\t\t\t<h6 class=\"elementor-heading-title elementor-size-default\">Nuestras Habitaciones (Our Rooms)\n\n<\/h6>\t\t\t\t<\/div>\n\t\t\t\t<\/div>\n\t\t\t\t\t<\/div>\n\t\t<\/div>\n\t\t\t\t<div class=\"elementor-column elementor-col-33 elementor-top-column elementor-element elementor-element-483e43d\" data-id=\"483e43d\" data-element_type=\"column\">\n\t\t\t<div class=\"elementor-widget-wrap elementor-element-populated\">\n\t\t\t\t\t\t<div class=\"elementor-element elementor-element-c3dc33c elementor-widget elementor-widget-text-editor\" data-id=\"c3dc33c\" data-element_type=\"widget\" data-widget_type=\"text-editor.default\">\n\t\t\t\t<div class=\"elementor-widget-container\">\n\t\t\t\t\t\t\t\t\t<p><strong>Un descanso perfecto despu\u00e9s de explorar la ciudad<\/strong><\/p><p>En Hostal Hanoi contamos con una variedad de habitaciones para ajustarnos a tus necesidades y preferencias. Todas nuestras habitaciones est\u00e1n dise\u00f1adas para garantizar una estancia c\u00f3moda, segura y tranquila. Puedes elegir entre:<\/p><ul><li><strong>Habitaciones dobles con ba\u00f1o privado<\/strong>: Un espacio \u00edntimo y privado para parejas o viajeros que buscan mayor confort.<\/li><li><strong>Habitaciones dobles con ba\u00f1o compartido<\/strong>: La opci\u00f3n perfecta para aquellos que desean un equilibrio entre comodidad y ahorro.<\/li><li><strong>Habitaciones triples y cu\u00e1druples con ba\u00f1o compartido<\/strong>: Ideales para grupos o familias que quieren compartir un espacio acogedor sin comprometer el confort.<\/li><\/ul>\t\t\t\t\t\t\t\t<\/div>\n\t\t\t\t<\/div>\n\t\t\t\t\t<\/div>\n\t\t<\/div>\n\t\t\t\t<div class=\"elementor-column elementor-col-33 elementor-top-column elementor-element elementor-element-c7f20b5\" data-id=\"c7f20b5\" data-element_type=\"column\">\n\t\t\t<div class=\"elementor-widget-wrap elementor-element-populated\">\n\t\t\t\t\t\t<div class=\"elementor-element elementor-element-8152b94 elementor-widget elementor-widget-text-editor\" data-id=\"8152b94\" data-element_type=\"widget\" data-widget_type=\"text-editor.default\">\n\t\t\t\t<div class=\"elementor-widget-container\">\n\t\t\t\t\t\t\t\t\t<p>Adem\u00e1s, ofrecemos estancias largas para aquellos que necesiten una estad\u00eda prolongada en Bogot\u00e1. No importa cu\u00e1l sea tu elecci\u00f3n, te aseguramos una habitaci\u00f3n limpia, c\u00f3moda y lista para que descanses despu\u00e9s de un d\u00eda de exploraci\u00f3n.<\/p>\t\t\t\t\t\t\t\t<\/div>\n\t\t\t\t<\/div>\n\t\t\t\t\t<\/div>\n\t\t<\/div>\n\t\t\t\t\t<\/div>\n\t\t<\/section>\n\t\t\t\t<\/div>\n\t\t","protected":false},"excerpt":{"rendered":"<p>Un refugio de paz en el coraz\u00f3n de Bogot\u00e1<\/p>\n","protected":false},"author":1,"featured_media":486,"parent":0,"menu_order":0,"comment_status":"closed","ping_status":"closed","template":"template-page-full-width.php","meta":{"inline_featured_image":false,"_joinchat":[],"footnotes":""},"class_list":["post-210","page","type-page","status-publish","has-post-thumbnail","hentry"],"_links":{"self":[{"href":"https:\/\/hostalhanoi.com\/index.php?rest_route=\/wp\/v2\/pages\/210","targetHints":{"allow":["GET"]}}],"collection":[{"href":"https:\/\/hostalhanoi.com\/index.php?rest_route=\/wp\/v2\/pages"}],"about":[{"href":"https:\/\/hostalhanoi.com\/index.php?rest_route=\/wp\/v2\/types\/page"}],"author":[{"embeddable":true,"href":"https:\/\/hostalhanoi.com\/index.php?rest_route=\/wp\/v2\/users\/1"}],"replies":[{"embeddable":true,"href":"https:\/\/hostalhanoi.com\/index.php?rest_route=%2Fwp%2Fv2%2Fcomments&post=210"}],"version-history":[{"count":8,"href":"https:\/\/hostalhanoi.com\/index.php?rest_route=\/wp\/v2\/pages\/210\/revisions"}],"predecessor-version":[{"id":492,"href":"https:\/\/hostalhanoi.com\/index.php?rest_route=\/wp\/v2\/pages\/210\/revisions\/492"}],"wp:featuredmedia":[{"embeddable":true,"href":"https:\/\/hostalhanoi.com\/index.php?rest_route=\/wp\/v2\/media\/486"}],"wp:attachment":[{"href":"https:\/\/hostalhanoi.com\/index.php?rest_route=%2Fwp%2Fv2%2Fmedia&parent=210"}],"curies":[{"name":"wp","href":"https:\/\/api.w.org\/{rel}","templated":true}]}}